{"id":88149,"date":"2024-04-30T14:43:21","date_gmt":"2024-04-30T11:43:21","guid":{"rendered":"https:\/\/core.org.tr\/?page_id=88149"},"modified":"2024-04-30T14:48:26","modified_gmt":"2024-04-30T11:48:26","slug":"faaliyet-raporlari","status":"publish","type":"page","link":"https:\/\/core.org.tr\/?page_id=88149","title":{"rendered":"Faaliyet Raporlar\u0131"},"content":{"rendered":"\t\t<div data-elementor-type=\"wp-page\" data-elementor-id=\"88149\" class=\"elementor elementor-88149\" data-elementor-post-type=\"page\">\n\t\t\t\t<div class=\"elementor-element elementor-element-0dca1b7 e-grid e-con-boxed e-con e-parent\" data-id=\"0dca1b7\" data-element_type=\"container\">\n\t\t\t\t\t<div class=\"e-con-inner\">\n\t\t\t\t<div class=\"elementor-element elementor-element-ade72ed elementor-widget elementor-widget-text-editor\" data-id=\"ade72ed\" data-element_type=\"widget\" data-widget_type=\"text-editor.default\">\n\t\t\t\t<div class=\"elementor-widget-container\">\n\t\t\t\t\t\t\t<p style=\"text-align: center;\">CORE Ara\u015ft\u0131rma Enstit\u00fcs\u00fc 7 Aral\u0131k 2023 tarihinde kurulmu\u015ftur.<\/p><p style=\"text-align: center;\">Faaliyet raporlar\u0131 her y\u0131l bu sayfada yay\u0131nlanacakt\u0131r.<\/p>\t\t\t\t\t\t<\/div>\n\t\t\t\t<\/div>\n\t\t\t\t\t<\/div>\n\t\t\t\t<\/div>\n\t\t\t\t<\/div>\n\t\t","protected":false},"excerpt":{"rendered":"<p>CORE Ara\u015ft\u0131rma Enstit\u00fcs\u00fc 7 Aral\u0131k 2023 tarihinde kurulmu\u015ftur. Faaliyet raporlar\u0131 her y\u0131l bu sayfada yay\u0131nlanacakt\u0131r.<\/p>\n","protected":false},"author":1,"featured_media":0,"parent":0,"menu_order":0,"comment_status":"closed","ping_status":"closed","template":"","meta":{"jetpack_post_was_ever_published":false,"footnotes":""},"class_list":["post-88149","page","type-page","status-publish","hentry"],"yoast_head":"<!-- This site is optimized with the Yoast SEO plugin v24.0 - https:\/\/yoast.com\/wordpress\/plugins\/seo\/ -->\n<title>Faaliyet Raporlar\u0131 - CORE Ara\u015ft\u0131rma Enstit&uuml;s&uuml;<\/title>\n<meta name=\"robots\" content=\"index, follow, max-snippet:-1, max-image-preview:large, max-video-preview:-1\" \/>\n<link rel=\"canonical\" href=\"https:\/\/core.org.tr\/?page_id=88149\" \/>\n<meta property=\"og:locale\" content=\"tr_TR\" \/>\n<meta property=\"og:type\" content=\"article\" \/>\n<meta property=\"og:title\" content=\"Faaliyet Raporlar\u0131 - CORE Ara\u015ft\u0131rma Enstit&uuml;s&uuml;\" \/>\n<meta property=\"og:description\" content=\"CORE Ara\u015ft\u0131rma Enstit\u00fcs\u00fc 7 Aral\u0131k 2023 tarihinde kurulmu\u015ftur. Faaliyet raporlar\u0131 her y\u0131l bu sayfada yay\u0131nlanacakt\u0131r.\" \/>\n<meta property=\"og:url\" content=\"https:\/\/core.org.tr\/?page_id=88149\" \/>\n<meta property=\"og:site_name\" content=\"CORE Ara\u015ft\u0131rma Enstit&uuml;s&uuml;\" \/>\n<meta property=\"article:publisher\" content=\"https:\/\/www.facebook.com\/corearastirma\" \/>\n<meta property=\"article:modified_time\" content=\"2024-04-30T11:48:26+00:00\" \/>\n<meta name=\"twitter:card\" content=\"summary_large_image\" \/>\n<meta name=\"twitter:site\" content=\"@corearastirma\" \/>\n<meta name=\"twitter:label1\" content=\"Tahmini okuma s\u00fcresi\" \/>\n\t<meta name=\"twitter:data1\" content=\"1 dakika\" \/>\n<script type=\"application\/ld+json\" class=\"yoast-schema-graph\">{\"@context\":\"https:\/\/schema.org\",\"@graph\":[{\"@type\":\"WebPage\",\"@id\":\"https:\/\/core.org.tr\/?page_id=88149\",\"url\":\"https:\/\/core.org.tr\/?page_id=88149\",\"name\":\"Faaliyet Raporlar\u0131 - CORE Ara\u015ft\u0131rma Enstit&uuml;s&uuml;\",\"isPartOf\":{\"@id\":\"https:\/\/core.org.tr\/#website\"},\"datePublished\":\"2024-04-30T11:43:21+00:00\",\"dateModified\":\"2024-04-30T11:48:26+00:00\",\"breadcrumb\":{\"@id\":\"https:\/\/core.org.tr\/?page_id=88149#breadcrumb\"},\"inLanguage\":\"tr\",\"potentialAction\":[{\"@type\":\"ReadAction\",\"target\":[\"https:\/\/core.org.tr\/?page_id=88149\"]}]},{\"@type\":\"BreadcrumbList\",\"@id\":\"https:\/\/core.org.tr\/?page_id=88149#breadcrumb\",\"itemListElement\":[{\"@type\":\"ListItem\",\"position\":1,\"name\":\"Anasayfa\",\"item\":\"https:\/\/core.org.tr\/\"},{\"@type\":\"ListItem\",\"position\":2,\"name\":\"Faaliyet Raporlar\u0131\"}]},{\"@type\":\"WebSite\",\"@id\":\"https:\/\/core.org.tr\/#website\",\"url\":\"https:\/\/core.org.tr\/\",\"name\":\"CORE Ara\u015ft\u0131rma Enstit&uuml;s&uuml;\",\"description\":\"Collective - Cooperative - Collaborative - Correlative - Comparative\",\"publisher\":{\"@id\":\"https:\/\/core.org.tr\/#organization\"},\"potentialAction\":[{\"@type\":\"SearchAction\",\"target\":{\"@type\":\"EntryPoint\",\"urlTemplate\":\"https:\/\/core.org.tr\/?s={search_term_string}\"},\"query-input\":{\"@type\":\"PropertyValueSpecification\",\"valueRequired\":true,\"valueName\":\"search_term_string\"}}],\"inLanguage\":\"tr\"},{\"@type\":\"Organization\",\"@id\":\"https:\/\/core.org.tr\/#organization\",\"name\":\"CORE Ara\u015ft\u0131rma Enstit&uuml;s&uuml;\",\"url\":\"https:\/\/core.org.tr\/\",\"logo\":{\"@type\":\"ImageObject\",\"inLanguage\":\"tr\",\"@id\":\"https:\/\/core.org.tr\/#\/schema\/logo\/image\/\",\"url\":\"https:\/\/core.org.tr\/wp-content\/uploads\/2023\/12\/CORE-Logo-Yatay-Ana.png\",\"contentUrl\":\"https:\/\/core.org.tr\/wp-content\/uploads\/2023\/12\/CORE-Logo-Yatay-Ana.png\",\"width\":2928,\"height\":2044,\"caption\":\"CORE Ara\u015ft\u0131rma Enstit&uuml;s&uuml;\"},\"image\":{\"@id\":\"https:\/\/core.org.tr\/#\/schema\/logo\/image\/\"},\"sameAs\":[\"https:\/\/www.facebook.com\/corearastirma\",\"https:\/\/x.com\/corearastirma\",\"https:\/\/www.instagram.com\/corearastirma\",\"https:\/\/www.linkedin.com\/company\/corearastirma\/\"]}]}<\/script>\n<!-- \/ Yoast SEO plugin. -->","yoast_head_json":{"title":"Faaliyet Raporlar\u0131 - CORE Ara\u015ft\u0131rma Enstit&uuml;s&uuml;","robots":{"index":"index","follow":"follow","max-snippet":"max-snippet:-1","max-image-preview":"max-image-preview:large","max-video-preview":"max-video-preview:-1"},"canonical":"https:\/\/core.org.tr\/?page_id=88149","og_locale":"tr_TR","og_type":"article","og_title":"Faaliyet Raporlar\u0131 - CORE Ara\u015ft\u0131rma Enstit&uuml;s&uuml;","og_description":"CORE Ara\u015ft\u0131rma Enstit\u00fcs\u00fc 7 Aral\u0131k 2023 tarihinde kurulmu\u015ftur. Faaliyet raporlar\u0131 her y\u0131l bu sayfada yay\u0131nlanacakt\u0131r.","og_url":"https:\/\/core.org.tr\/?page_id=88149","og_site_name":"CORE Ara\u015ft\u0131rma Enstit&uuml;s&uuml;","article_publisher":"https:\/\/www.facebook.com\/corearastirma","article_modified_time":"2024-04-30T11:48:26+00:00","twitter_card":"summary_large_image","twitter_site":"@corearastirma","twitter_misc":{"Tahmini okuma s\u00fcresi":"1 dakika"},"schema":{"@context":"https:\/\/schema.org","@graph":[{"@type":"WebPage","@id":"https:\/\/core.org.tr\/?page_id=88149","url":"https:\/\/core.org.tr\/?page_id=88149","name":"Faaliyet Raporlar\u0131 - CORE Ara\u015ft\u0131rma Enstit&uuml;s&uuml;","isPartOf":{"@id":"https:\/\/core.org.tr\/#website"},"datePublished":"2024-04-30T11:43:21+00:00","dateModified":"2024-04-30T11:48:26+00:00","breadcrumb":{"@id":"https:\/\/core.org.tr\/?page_id=88149#breadcrumb"},"inLanguage":"tr","potentialAction":[{"@type":"ReadAction","target":["https:\/\/core.org.tr\/?page_id=88149"]}]},{"@type":"BreadcrumbList","@id":"https:\/\/core.org.tr\/?page_id=88149#breadcrumb","itemListElement":[{"@type":"ListItem","position":1,"name":"Anasayfa","item":"https:\/\/core.org.tr\/"},{"@type":"ListItem","position":2,"name":"Faaliyet Raporlar\u0131"}]},{"@type":"WebSite","@id":"https:\/\/core.org.tr\/#website","url":"https:\/\/core.org.tr\/","name":"CORE Ara\u015ft\u0131rma Enstit&uuml;s&uuml;","description":"Collective - Cooperative - Collaborative - Correlative - Comparative","publisher":{"@id":"https:\/\/core.org.tr\/#organization"},"potentialAction":[{"@type":"SearchAction","target":{"@type":"EntryPoint","urlTemplate":"https:\/\/core.org.tr\/?s={search_term_string}"},"query-input":{"@type":"PropertyValueSpecification","valueRequired":true,"valueName":"search_term_string"}}],"inLanguage":"tr"},{"@type":"Organization","@id":"https:\/\/core.org.tr\/#organization","name":"CORE Ara\u015ft\u0131rma Enstit&uuml;s&uuml;","url":"https:\/\/core.org.tr\/","logo":{"@type":"ImageObject","inLanguage":"tr","@id":"https:\/\/core.org.tr\/#\/schema\/logo\/image\/","url":"https:\/\/core.org.tr\/wp-content\/uploads\/2023\/12\/CORE-Logo-Yatay-Ana.png","contentUrl":"https:\/\/core.org.tr\/wp-content\/uploads\/2023\/12\/CORE-Logo-Yatay-Ana.png","width":2928,"height":2044,"caption":"CORE Ara\u015ft\u0131rma Enstit&uuml;s&uuml;"},"image":{"@id":"https:\/\/core.org.tr\/#\/schema\/logo\/image\/"},"sameAs":["https:\/\/www.facebook.com\/corearastirma","https:\/\/x.com\/corearastirma","https:\/\/www.instagram.com\/corearastirma","https:\/\/www.linkedin.com\/company\/corearastirma\/"]}]}},"jetpack_sharing_enabled":true,"_links":{"self":[{"href":"https:\/\/core.org.tr\/index.php?rest_route=\/wp\/v2\/pages\/88149","targetHints":{"allow":["GET"]}}],"collection":[{"href":"https:\/\/core.org.tr\/index.php?rest_route=\/wp\/v2\/pages"}],"about":[{"href":"https:\/\/core.org.tr\/index.php?rest_route=\/wp\/v2\/types\/page"}],"author":[{"embeddable":true,"href":"https:\/\/core.org.tr\/index.php?rest_route=\/wp\/v2\/users\/1"}],"replies":[{"embeddable":true,"href":"https:\/\/core.org.tr\/index.php?rest_route=%2Fwp%2Fv2%2Fcomments&post=88149"}],"version-history":[{"count":7,"href":"https:\/\/core.org.tr\/index.php?rest_route=\/wp\/v2\/pages\/88149\/revisions"}],"predecessor-version":[{"id":88158,"href":"https:\/\/core.org.tr\/index.php?rest_route=\/wp\/v2\/pages\/88149\/revisions\/88158"}],"wp:attachment":[{"href":"https:\/\/core.org.tr\/index.php?rest_route=%2Fwp%2Fv2%2Fmedia&parent=88149"}],"curies":[{"name":"wp","href":"https:\/\/api.w.org\/{rel}","templated":true}]}}