{"id":88131,"date":"2024-04-30T14:17:32","date_gmt":"2024-04-30T11:17:32","guid":{"rendered":"https:\/\/core.org.tr\/?page_id=88131"},"modified":"2024-04-30T15:10:58","modified_gmt":"2024-04-30T12:10:58","slug":"kurullar","status":"publish","type":"page","link":"https:\/\/core.org.tr\/?page_id=88131","title":{"rendered":"Kurullar"},"content":{"rendered":"\t\t<div data-elementor-type=\"wp-page\" data-elementor-id=\"88131\" class=\"elementor elementor-88131\" data-elementor-post-type=\"page\">\n\t\t\t\t<div class=\"elementor-element elementor-element-3f9e5ec e-grid e-con-boxed e-con e-parent\" data-id=\"3f9e5ec\" data-element_type=\"container\">\n\t\t\t\t\t<div class=\"e-con-inner\">\n\t\t\t\t<div class=\"elementor-element elementor-element-fc78c5f elementor-widget elementor-widget-text-editor\" data-id=\"fc78c5f\" data-element_type=\"widget\" data-widget_type=\"text-editor.default\">\n\t\t\t\t<div class=\"elementor-widget-container\">\n\t\t\t\t\t\t\t<p style=\"text-align: center;\"><strong>Y\u00f6netim Kurulu (A-Z)<\/strong><\/p><p style=\"text-align: center;\">Burak \u00d6z\u00e7etin<\/p><p style=\"text-align: center;\">Cansu Peker<\/p><p style=\"text-align: center;\">Sayg\u0131n Vedat Alkurt<\/p><p style=\"text-align: center;\">Suncem Ko\u00e7er<\/p><p style=\"text-align: center;\">U. Ula\u015f Tol<\/p><p>\u00a0<\/p><p style=\"text-align: center;\"><strong>Denetim Kurulu (A-Z)<\/strong><\/p><p style=\"text-align: center;\">Dilara Gen\u00e7<\/p><p style=\"text-align: center;\">Esra Atalay Tuna<\/p><p style=\"text-align: center;\">Melis Tufur<\/p>\t\t\t\t\t\t<\/div>\n\t\t\t\t<\/div>\n\t\t\t\t\t<\/div>\n\t\t\t\t<\/div>\n\t\t\t\t<\/div>\n\t\t","protected":false},"excerpt":{"rendered":"<p>Y\u00f6netim Kurulu (A-Z) Burak \u00d6z\u00e7etin Cansu Peker Sayg\u0131n Vedat Alkurt Suncem Ko\u00e7er U. Ula\u015f Tol \u00a0 Denetim Kurulu (A-Z) Dilara Gen\u00e7 Esra Atalay Tuna Melis Tufur<\/p>\n","protected":false},"author":1,"featured_media":0,"parent":0,"menu_order":0,"comment_status":"closed","ping_status":"closed","template":"","meta":{"jetpack_post_was_ever_published":false,"footnotes":""},"class_list":["post-88131","page","type-page","status-publish","hentry"],"yoast_head":"<!-- This site is optimized with the Yoast SEO plugin v24.0 - https:\/\/yoast.com\/wordpress\/plugins\/seo\/ -->\n<title>Kurullar - CORE Ara\u015ft\u0131rma Enstit&uuml;s&uuml;<\/title>\n<meta name=\"robots\" content=\"index, follow, max-snippet:-1, max-image-preview:large, max-video-preview:-1\" \/>\n<link rel=\"canonical\" href=\"https:\/\/core.org.tr\/?page_id=88131\" \/>\n<meta property=\"og:locale\" content=\"tr_TR\" \/>\n<meta property=\"og:type\" content=\"article\" \/>\n<meta property=\"og:title\" content=\"Kurullar - CORE Ara\u015ft\u0131rma Enstit&uuml;s&uuml;\" \/>\n<meta property=\"og:description\" content=\"Y\u00f6netim Kurulu (A-Z) Burak \u00d6z\u00e7etin Cansu Peker Sayg\u0131n Vedat Alkurt Suncem Ko\u00e7er U. Ula\u015f Tol \u00a0 Denetim Kurulu (A-Z) Dilara Gen\u00e7 Esra Atalay Tuna Melis Tufur\" \/>\n<meta property=\"og:url\" content=\"https:\/\/core.org.tr\/?page_id=88131\" \/>\n<meta property=\"og:site_name\" content=\"CORE Ara\u015ft\u0131rma Enstit&uuml;s&uuml;\" \/>\n<meta property=\"article:publisher\" content=\"https:\/\/www.facebook.com\/corearastirma\" \/>\n<meta property=\"article:modified_time\" content=\"2024-04-30T12:10:58+00:00\" \/>\n<meta name=\"twitter:card\" content=\"summary_large_image\" \/>\n<meta name=\"twitter:site\" content=\"@corearastirma\" \/>\n<meta name=\"twitter:label1\" content=\"Tahmini okuma s\u00fcresi\" \/>\n\t<meta name=\"twitter:data1\" content=\"1 dakika\" \/>\n<script type=\"application\/ld+json\" class=\"yoast-schema-graph\">{\"@context\":\"https:\/\/schema.org\",\"@graph\":[{\"@type\":\"WebPage\",\"@id\":\"https:\/\/core.org.tr\/?page_id=88131\",\"url\":\"https:\/\/core.org.tr\/?page_id=88131\",\"name\":\"Kurullar - CORE Ara\u015ft\u0131rma Enstit&uuml;s&uuml;\",\"isPartOf\":{\"@id\":\"https:\/\/core.org.tr\/#website\"},\"datePublished\":\"2024-04-30T11:17:32+00:00\",\"dateModified\":\"2024-04-30T12:10:58+00:00\",\"breadcrumb\":{\"@id\":\"https:\/\/core.org.tr\/?page_id=88131#breadcrumb\"},\"inLanguage\":\"tr\",\"potentialAction\":[{\"@type\":\"ReadAction\",\"target\":[\"https:\/\/core.org.tr\/?page_id=88131\"]}]},{\"@type\":\"BreadcrumbList\",\"@id\":\"https:\/\/core.org.tr\/?page_id=88131#breadcrumb\",\"itemListElement\":[{\"@type\":\"ListItem\",\"position\":1,\"name\":\"Anasayfa\",\"item\":\"https:\/\/core.org.tr\/\"},{\"@type\":\"ListItem\",\"position\":2,\"name\":\"Kurullar\"}]},{\"@type\":\"WebSite\",\"@id\":\"https:\/\/core.org.tr\/#website\",\"url\":\"https:\/\/core.org.tr\/\",\"name\":\"CORE Ara\u015ft\u0131rma Enstit&uuml;s&uuml;\",\"description\":\"Collective - Cooperative - Collaborative - Correlative - Comparative\",\"publisher\":{\"@id\":\"https:\/\/core.org.tr\/#organization\"},\"potentialAction\":[{\"@type\":\"SearchAction\",\"target\":{\"@type\":\"EntryPoint\",\"urlTemplate\":\"https:\/\/core.org.tr\/?s={search_term_string}\"},\"query-input\":{\"@type\":\"PropertyValueSpecification\",\"valueRequired\":true,\"valueName\":\"search_term_string\"}}],\"inLanguage\":\"tr\"},{\"@type\":\"Organization\",\"@id\":\"https:\/\/core.org.tr\/#organization\",\"name\":\"CORE Ara\u015ft\u0131rma Enstit&uuml;s&uuml;\",\"url\":\"https:\/\/core.org.tr\/\",\"logo\":{\"@type\":\"ImageObject\",\"inLanguage\":\"tr\",\"@id\":\"https:\/\/core.org.tr\/#\/schema\/logo\/image\/\",\"url\":\"https:\/\/core.org.tr\/wp-content\/uploads\/2023\/12\/CORE-Logo-Yatay-Ana.png\",\"contentUrl\":\"https:\/\/core.org.tr\/wp-content\/uploads\/2023\/12\/CORE-Logo-Yatay-Ana.png\",\"width\":2928,\"height\":2044,\"caption\":\"CORE Ara\u015ft\u0131rma Enstit&uuml;s&uuml;\"},\"image\":{\"@id\":\"https:\/\/core.org.tr\/#\/schema\/logo\/image\/\"},\"sameAs\":[\"https:\/\/www.facebook.com\/corearastirma\",\"https:\/\/x.com\/corearastirma\",\"https:\/\/www.instagram.com\/corearastirma\",\"https:\/\/www.linkedin.com\/company\/corearastirma\/\"]}]}<\/script>\n<!-- \/ Yoast SEO plugin. -->","yoast_head_json":{"title":"Kurullar - CORE Ara\u015ft\u0131rma Enstit&uuml;s&uuml;","robots":{"index":"index","follow":"follow","max-snippet":"max-snippet:-1","max-image-preview":"max-image-preview:large","max-video-preview":"max-video-preview:-1"},"canonical":"https:\/\/core.org.tr\/?page_id=88131","og_locale":"tr_TR","og_type":"article","og_title":"Kurullar - CORE Ara\u015ft\u0131rma Enstit&uuml;s&uuml;","og_description":"Y\u00f6netim Kurulu (A-Z) Burak \u00d6z\u00e7etin Cansu Peker Sayg\u0131n Vedat Alkurt Suncem Ko\u00e7er U. Ula\u015f Tol \u00a0 Denetim Kurulu (A-Z) Dilara Gen\u00e7 Esra Atalay Tuna Melis Tufur","og_url":"https:\/\/core.org.tr\/?page_id=88131","og_site_name":"CORE Ara\u015ft\u0131rma Enstit&uuml;s&uuml;","article_publisher":"https:\/\/www.facebook.com\/corearastirma","article_modified_time":"2024-04-30T12:10:58+00:00","twitter_card":"summary_large_image","twitter_site":"@corearastirma","twitter_misc":{"Tahmini okuma s\u00fcresi":"1 dakika"},"schema":{"@context":"https:\/\/schema.org","@graph":[{"@type":"WebPage","@id":"https:\/\/core.org.tr\/?page_id=88131","url":"https:\/\/core.org.tr\/?page_id=88131","name":"Kurullar - CORE Ara\u015ft\u0131rma Enstit&uuml;s&uuml;","isPartOf":{"@id":"https:\/\/core.org.tr\/#website"},"datePublished":"2024-04-30T11:17:32+00:00","dateModified":"2024-04-30T12:10:58+00:00","breadcrumb":{"@id":"https:\/\/core.org.tr\/?page_id=88131#breadcrumb"},"inLanguage":"tr","potentialAction":[{"@type":"ReadAction","target":["https:\/\/core.org.tr\/?page_id=88131"]}]},{"@type":"BreadcrumbList","@id":"https:\/\/core.org.tr\/?page_id=88131#breadcrumb","itemListElement":[{"@type":"ListItem","position":1,"name":"Anasayfa","item":"https:\/\/core.org.tr\/"},{"@type":"ListItem","position":2,"name":"Kurullar"}]},{"@type":"WebSite","@id":"https:\/\/core.org.tr\/#website","url":"https:\/\/core.org.tr\/","name":"CORE Ara\u015ft\u0131rma Enstit&uuml;s&uuml;","description":"Collective - Cooperative - Collaborative - Correlative - Comparative","publisher":{"@id":"https:\/\/core.org.tr\/#organization"},"potentialAction":[{"@type":"SearchAction","target":{"@type":"EntryPoint","urlTemplate":"https:\/\/core.org.tr\/?s={search_term_string}"},"query-input":{"@type":"PropertyValueSpecification","valueRequired":true,"valueName":"search_term_string"}}],"inLanguage":"tr"},{"@type":"Organization","@id":"https:\/\/core.org.tr\/#organization","name":"CORE Ara\u015ft\u0131rma Enstit&uuml;s&uuml;","url":"https:\/\/core.org.tr\/","logo":{"@type":"ImageObject","inLanguage":"tr","@id":"https:\/\/core.org.tr\/#\/schema\/logo\/image\/","url":"https:\/\/core.org.tr\/wp-content\/uploads\/2023\/12\/CORE-Logo-Yatay-Ana.png","contentUrl":"https:\/\/core.org.tr\/wp-content\/uploads\/2023\/12\/CORE-Logo-Yatay-Ana.png","width":2928,"height":2044,"caption":"CORE Ara\u015ft\u0131rma Enstit&uuml;s&uuml;"},"image":{"@id":"https:\/\/core.org.tr\/#\/schema\/logo\/image\/"},"sameAs":["https:\/\/www.facebook.com\/corearastirma","https:\/\/x.com\/corearastirma","https:\/\/www.instagram.com\/corearastirma","https:\/\/www.linkedin.com\/company\/corearastirma\/"]}]}},"jetpack_sharing_enabled":true,"_links":{"self":[{"href":"https:\/\/core.org.tr\/index.php?rest_route=\/wp\/v2\/pages\/88131","targetHints":{"allow":["GET"]}}],"collection":[{"href":"https:\/\/core.org.tr\/index.php?rest_route=\/wp\/v2\/pages"}],"about":[{"href":"https:\/\/core.org.tr\/index.php?rest_route=\/wp\/v2\/types\/page"}],"author":[{"embeddable":true,"href":"https:\/\/core.org.tr\/index.php?rest_route=\/wp\/v2\/users\/1"}],"replies":[{"embeddable":true,"href":"https:\/\/core.org.tr\/index.php?rest_route=%2Fwp%2Fv2%2Fcomments&post=88131"}],"version-history":[{"count":11,"href":"https:\/\/core.org.tr\/index.php?rest_route=\/wp\/v2\/pages\/88131\/revisions"}],"predecessor-version":[{"id":88195,"href":"https:\/\/core.org.tr\/index.php?rest_route=\/wp\/v2\/pages\/88131\/revisions\/88195"}],"wp:attachment":[{"href":"https:\/\/core.org.tr\/index.php?rest_route=%2Fwp%2Fv2%2Fmedia&parent=88131"}],"curies":[{"name":"wp","href":"https:\/\/api.w.org\/{rel}","templated":true}]}}