{"id":77970,"date":"2023-01-12T18:02:06","date_gmt":"2023-01-12T18:02:06","guid":{"rendered":"https:\/\/the7.io\/elementor-creative-light\/?page_id=77970"},"modified":"2023-12-01T15:59:16","modified_gmt":"2023-12-01T12:59:16","slug":"services","status":"publish","type":"page","link":"https:\/\/core.org.tr\/?page_id=77970","title":{"rendered":"Enstit\u00fc Ne Yapar?"},"content":{"rendered":"\t\t<div data-elementor-type=\"wp-page\" data-elementor-id=\"77970\" class=\"elementor elementor-77970\" data-elementor-post-type=\"page\">\n\t\t\t\t\t\t<section class=\"elementor-section elementor-top-section elementor-element elementor-element-5c194c8 elementor-section-full_width elementor-section-height-default elementor-section-height-default\" data-id=\"5c194c8\" data-element_type=\"section\">\n\t\t\t\t\t\t<div class=\"elementor-container elementor-column-gap-no\">\n\t\t\t\t\t<div class=\"elementor-column elementor-col-100 elementor-top-column elementor-element elementor-element-2a71149\" data-id=\"2a71149\" data-element_type=\"column\">\n\t\t\t<div class=\"elementor-widget-wrap elementor-element-populated\">\n\t\t\t\t\t\t<div class=\"elementor-element elementor-element-0261cee elementor-widget elementor-widget-template\" data-id=\"0261cee\" data-element_type=\"widget\" data-widget_type=\"template.default\">\n\t\t\t\t<div class=\"elementor-widget-container\">\n\t\t\t\t\t<div class=\"elementor-template\">\n\t\t\t\t\t<div data-elementor-type=\"section\" data-elementor-id=\"79256\" class=\"elementor elementor-79256\" data-elementor-post-type=\"elementor_library\">\n\t\t\t\t\t<section class=\"elementor-section elementor-top-section elementor-element elementor-element-62787cea elementor-section-height-min-height elementor-section-boxed elementor-section-height-default elementor-section-items-middle\" data-id=\"62787cea\" data-element_type=\"section\">\n\t\t\t\t\t\t<div class=\"elementor-container elementor-column-gap-wide\">\n\t\t\t\t\t<div class=\"elementor-column elementor-col-100 elementor-top-column elementor-element elementor-element-5ee9e2fc\" data-id=\"5ee9e2fc\" data-element_type=\"column\">\n\t\t\t<div class=\"elementor-widget-wrap elementor-element-populated\">\n\t\t\t\t\t\t<div class=\"elementor-element elementor-element-3802d4d8 elementor-widget-divider--view-line elementor-widget elementor-widget-divider\" data-id=\"3802d4d8\" data-element_type=\"widget\" data-widget_type=\"divider.default\">\n\t\t\t\t<div class=\"elementor-widget-container\">\n\t\t\t\t\t<div class=\"elementor-divider\">\n\t\t\t<span class=\"elementor-divider-separator\">\n\t\t\t\t\t\t<\/span>\n\t\t<\/div>\n\t\t\t\t<\/div>\n\t\t\t\t<\/div>\n\t\t\t\t\t<\/div>\n\t\t<\/div>\n\t\t\t\t\t<\/div>\n\t\t<\/section>\n\t\t\t\t<\/div>\n\t\t\t\t<\/div>\n\t\t\t\t<\/div>\n\t\t\t\t<\/div>\n\t\t\t\t\t<\/div>\n\t\t<\/div>\n\t\t\t\t\t<\/div>\n\t\t<\/section>\n\t\t\t\t<section class=\"elementor-section elementor-top-section elementor-element elementor-element-882bc94 elementor-section-boxed elementor-section-height-default elementor-section-height-default\" data-id=\"882bc94\" data-element_type=\"section\">\n\t\t\t\t\t\t<div class=\"elementor-container elementor-column-gap-no\">\n\t\t\t\t\t<div class=\"elementor-column elementor-col-100 elementor-top-column elementor-element elementor-element-c0c2d66\" data-id=\"c0c2d66\" data-element_type=\"column\">\n\t\t\t<div class=\"elementor-widget-wrap elementor-element-populated\">\n\t\t\t\t\t\t<section class=\"elementor-section elementor-inner-section elementor-element elementor-element-3b63b47 elementor-section-boxed elementor-section-height-default elementor-section-height-default\" data-id=\"3b63b47\" data-element_type=\"section\">\n\t\t\t\t\t\t<div class=\"elementor-container elementor-column-gap-wide\">\n\t\t\t\t\t<div class=\"elementor-column elementor-col-50 elementor-inner-column elementor-element elementor-element-aec81c0\" data-id=\"aec81c0\" data-element_type=\"column\">\n\t\t\t<div class=\"elementor-widget-wrap elementor-element-populated\">\n\t\t\t\t\t\t<div class=\"elementor-element elementor-element-ad68731 elementor-mobile-align-left elementor-align-center elementor-widget elementor-widget-the7_icon_widget\" data-id=\"ad68731\" data-element_type=\"widget\" data-widget_type=\"the7_icon_widget.default\">\n\t\t\t\t<div class=\"elementor-widget-container\">\n\t\t\t<div class=\"the7-icon-wrapper the7-elementor-widget\"><div class=\"elementor-icon\"><svg xmlns=\"http:\/\/www.w3.org\/2000\/svg\" viewBox=\"0 0 24 24\" width=\"24\" height=\"24\"><path fill=\"none\" d=\"M0 0h24v24H0z\"><\/path><path d=\"M14 1.5V22h-2V3.704L7.5 4.91V2.839l5-1.339z\"><\/path><\/svg><\/div><\/div>\t\t<\/div>\n\t\t\t\t<\/div>\n\t\t\t\t\t<\/div>\n\t\t<\/div>\n\t\t\t\t<div class=\"elementor-column elementor-col-50 elementor-inner-column elementor-element elementor-element-ee0828a\" data-id=\"ee0828a\" data-element_type=\"column\">\n\t\t\t<div class=\"elementor-widget-wrap elementor-element-populated\">\n\t\t\t\t\t\t<div class=\"elementor-element elementor-element-d90d9a1 elementor-widget elementor-widget-heading\" data-id=\"d90d9a1\" data-element_type=\"widget\" data-widget_type=\"heading.default\">\n\t\t\t\t<div class=\"elementor-widget-container\">\n\t\t\t<h3 class=\"elementor-heading-title elementor-size-default\">Saha \u00c7al\u0131\u015fmalar\u0131<\/h3>\t\t<\/div>\n\t\t\t\t<\/div>\n\t\t\t\t<div class=\"elementor-element elementor-element-042b51b elementor-widget elementor-widget-text-editor\" data-id=\"042b51b\" data-element_type=\"widget\" data-widget_type=\"text-editor.default\">\n\t\t\t\t<div class=\"elementor-widget-container\">\n\t\t\t\t\t\t\t<ul><li><b>T\u00fcrkiye Barometreleri:<\/b><span style=\"font-weight: 400;\"> \u00a0Temel sorun alanlar\u0131nda boylamsal <b>baz ara\u015ft\u0131rmalar<\/b> yapar.<\/span><\/li><li><b>Konsept Ara\u015ft\u0131rmalar\u0131:<\/b><span style=\"font-weight: 400;\"> Farkl\u0131 tematik alanlarda konsept ara\u015ft\u0131rmalar \u00fcretir. <\/span><\/li><li><b>Metrik Geli\u015ftirme Ara\u015ft\u0131rmalar\u0131:<\/b><span style=\"font-weight: 400;\"> Bir\u00e7ok farkl\u0131 alan\u0131n izlenmesini kolayla\u015ft\u0131racak metrikler geli\u015ftirmek \u00fczere ara\u015ft\u0131rmalar yapar.<\/span><\/li><\/ul>\t\t\t\t\t\t<\/div>\n\t\t\t\t<\/div>\n\t\t\t\t\t<\/div>\n\t\t<\/div>\n\t\t\t\t\t<\/div>\n\t\t<\/section>\n\t\t\t\t<section class=\"elementor-section elementor-inner-section elementor-element elementor-element-12dcb7f elementor-section-boxed elementor-section-height-default elementor-section-height-default\" data-id=\"12dcb7f\" data-element_type=\"section\">\n\t\t\t\t\t\t<div class=\"elementor-container elementor-column-gap-wide\">\n\t\t\t\t\t<div class=\"elementor-column elementor-col-50 elementor-inner-column elementor-element elementor-element-b7e8082\" data-id=\"b7e8082\" data-element_type=\"column\">\n\t\t\t<div class=\"elementor-widget-wrap elementor-element-populated\">\n\t\t\t\t\t\t<div class=\"elementor-element elementor-element-6e16c35 elementor-mobile-align-left elementor-align-center elementor-widget elementor-widget-the7_icon_widget\" data-id=\"6e16c35\" data-element_type=\"widget\" data-widget_type=\"the7_icon_widget.default\">\n\t\t\t\t<div class=\"elementor-widget-container\">\n\t\t\t<div class=\"the7-icon-wrapper the7-elementor-widget\"><div class=\"elementor-icon\"><svg xmlns=\"http:\/\/www.w3.org\/2000\/svg\" viewBox=\"0 0 24 24\" width=\"24\" height=\"24\"><path fill=\"none\" d=\"M0 0h24v24H0z\"><\/path><path d=\"M16 7.5a4 4 0 1 0-8 0H6a6 6 0 1 1 10.663 3.776l-7.32 8.723L18 20v2H6v-1.127l9.064-10.802A3.982 3.982 0 0 0 16 7.5z\"><\/path><\/svg><\/div><\/div>\t\t<\/div>\n\t\t\t\t<\/div>\n\t\t\t\t\t<\/div>\n\t\t<\/div>\n\t\t\t\t<div class=\"elementor-column elementor-col-50 elementor-inner-column elementor-element elementor-element-3a8921c\" data-id=\"3a8921c\" data-element_type=\"column\">\n\t\t\t<div class=\"elementor-widget-wrap elementor-element-populated\">\n\t\t\t\t\t\t<div class=\"elementor-element elementor-element-18fc109 elementor-widget elementor-widget-heading\" data-id=\"18fc109\" data-element_type=\"widget\" data-widget_type=\"heading.default\">\n\t\t\t\t<div class=\"elementor-widget-container\">\n\t\t\t<h3 class=\"elementor-heading-title elementor-size-default\">Destek<\/h3>\t\t<\/div>\n\t\t\t\t<\/div>\n\t\t\t\t<div class=\"elementor-element elementor-element-6160474 elementor-widget elementor-widget-text-editor\" data-id=\"6160474\" data-element_type=\"widget\" data-widget_type=\"text-editor.default\">\n\t\t\t\t<div class=\"elementor-widget-container\">\n\t\t\t\t\t\t\t<ul><li><b>Kapasite Geli\u015ftirme:<\/b><span style=\"font-weight: 400;\"> Ara\u015ft\u0131rma d\u00fcnyas\u0131n\u0131 geli\u015ftirmek ve ara\u015ft\u0131rmac\u0131 yeti\u015ftirmek \u00fczere kapasite geli\u015ftirme programlar\u0131, e\u011fitimler tasarlar, uygular<\/span><\/li><li><b>Ara\u015ft\u0131rma Rehberli\u011fi:<\/b><span style=\"font-weight: 400;\"> Farkl\u0131 ara\u015ft\u0131rmalar\u0131n tasar\u0131m\u0131na, sahas\u0131na ve analizine rehberlik deste\u011fi sunar.<\/span><\/li><li><b>Ara\u015ft\u0131rma Fonu:<\/b><span style=\"font-weight: 400;\"> Temel alanlara dair s\u00fcrekli veri \u00fcretimini desteklemek \u00fczere, \u00f6zel sekt\u00f6rle ve fonlarla i\u015fbirli\u011fi yaparak ara\u015ft\u0131rma fonu olu\u015fturur. Fon kapsam\u0131nda farkl\u0131 temalarda (kad\u0131n, \u00e7ocuk, gen\u00e7lik, sa\u011fl\u0131k, kent, demokrasi, insan haklar\u0131, vb.) sivil toplum ve ilgili payda\u015flar\u0131n da kat\u0131l\u0131m\u0131yla ara\u015ft\u0131rmalar ger\u00e7ekle\u015ftirir. Ara\u015ft\u0131rmac\u0131l\u0131\u011f\u0131 te\u015fvik edecek \u00f6d\u00fcller, hibe programlar\u0131 ve te\u015fvikler d\u00fczenler. <\/span><\/li><\/ul>\t\t\t\t\t\t<\/div>\n\t\t\t\t<\/div>\n\t\t\t\t\t<\/div>\n\t\t<\/div>\n\t\t\t\t\t<\/div>\n\t\t<\/section>\n\t\t\t\t<section class=\"elementor-section elementor-inner-section elementor-element elementor-element-f68a97d elementor-section-boxed elementor-section-height-default elementor-section-height-default\" data-id=\"f68a97d\" data-element_type=\"section\">\n\t\t\t\t\t\t<div class=\"elementor-container elementor-column-gap-wide\">\n\t\t\t\t\t<div class=\"elementor-column elementor-col-50 elementor-inner-column elementor-element elementor-element-c2bf5e8\" data-id=\"c2bf5e8\" data-element_type=\"column\">\n\t\t\t<div class=\"elementor-widget-wrap elementor-element-populated\">\n\t\t\t\t\t\t<div class=\"elementor-element elementor-element-c787c9e elementor-mobile-align-left elementor-align-center elementor-widget elementor-widget-the7_icon_widget\" data-id=\"c787c9e\" data-element_type=\"widget\" data-widget_type=\"the7_icon_widget.default\">\n\t\t\t\t<div class=\"elementor-widget-container\">\n\t\t\t<div class=\"the7-icon-wrapper the7-elementor-widget\"><div class=\"elementor-icon\"><svg xmlns=\"http:\/\/www.w3.org\/2000\/svg\" viewBox=\"0 0 24 24\" width=\"24\" height=\"24\"><path fill=\"none\" d=\"M0 0h24v24H0z\"><\/path><path d=\"M18 2v1.362L12.809 9.55a6.501 6.501 0 1 1-7.116 8.028l1.94-.486A4.502 4.502 0 0 0 16.5 16a4.5 4.5 0 0 0-6.505-4.03l-.228.122-.69-1.207L14.855 4 6.5 4V2H18z\"><\/path><\/svg><\/div><\/div>\t\t<\/div>\n\t\t\t\t<\/div>\n\t\t\t\t\t<\/div>\n\t\t<\/div>\n\t\t\t\t<div class=\"elementor-column elementor-col-50 elementor-inner-column elementor-element elementor-element-68d754b\" data-id=\"68d754b\" data-element_type=\"column\">\n\t\t\t<div class=\"elementor-widget-wrap elementor-element-populated\">\n\t\t\t\t\t\t<div class=\"elementor-element elementor-element-3a160f4 elementor-widget elementor-widget-heading\" data-id=\"3a160f4\" data-element_type=\"widget\" data-widget_type=\"heading.default\">\n\t\t\t\t<div class=\"elementor-widget-container\">\n\t\t\t<h3 class=\"elementor-heading-title elementor-size-default\">Payla\u015f\u0131m<\/h3>\t\t<\/div>\n\t\t\t\t<\/div>\n\t\t\t\t<div class=\"elementor-element elementor-element-5a9c5a6 elementor-widget elementor-widget-text-editor\" data-id=\"5a9c5a6\" data-element_type=\"widget\" data-widget_type=\"text-editor.default\">\n\t\t\t\t<div class=\"elementor-widget-container\">\n\t\t\t\t\t\t\tAra\u015ft\u0131rman\u0131n kendisi kadar, bulgular\u0131n toplumsalla\u015fmas\u0131na da de\u011fer verir. Bilginin sunumu ve payla\u015f\u0131m\u0131na dair yeni nesil metotlar dener, ara\u015ft\u0131rmac\u0131lar\u0131n bulu\u015faca\u011f\u0131 bir hub olmay\u0131 hedefler.\t\t\t\t\t\t<\/div>\n\t\t\t\t<\/div>\n\t\t\t\t\t<\/div>\n\t\t<\/div>\n\t\t\t\t\t<\/div>\n\t\t<\/section>\n\t\t\t\t<section class=\"elementor-section elementor-inner-section elementor-element elementor-element-c3fb5ff elementor-section-boxed elementor-section-height-default elementor-section-height-default\" data-id=\"c3fb5ff\" data-element_type=\"section\">\n\t\t\t\t\t\t<div class=\"elementor-container elementor-column-gap-wide\">\n\t\t\t\t\t<div class=\"elementor-column elementor-col-50 elementor-inner-column elementor-element elementor-element-4b00bb2\" data-id=\"4b00bb2\" data-element_type=\"column\">\n\t\t\t<div class=\"elementor-widget-wrap elementor-element-populated\">\n\t\t\t\t\t\t<div class=\"elementor-element elementor-element-1dcf7c4 elementor-mobile-align-left elementor-align-center elementor-widget elementor-widget-the7_icon_widget\" data-id=\"1dcf7c4\" data-element_type=\"widget\" data-widget_type=\"the7_icon_widget.default\">\n\t\t\t\t<div class=\"elementor-widget-container\">\n\t\t\t<div class=\"the7-icon-wrapper the7-elementor-widget\"><div class=\"elementor-icon\"><svg xmlns=\"http:\/\/www.w3.org\/2000\/svg\" viewBox=\"0 0 24 24\" width=\"24\" height=\"24\"><path fill=\"none\" d=\"M0 0h24v24H0z\"><\/path><path d=\"M16 1.5V16h3v2h-3v4h-2v-4H4v-1.102L14 1.5h2zM14 16V5.171L6.968 16H14z\"><\/path><\/svg><\/div><\/div>\t\t<\/div>\n\t\t\t\t<\/div>\n\t\t\t\t\t<\/div>\n\t\t<\/div>\n\t\t\t\t<div class=\"elementor-column elementor-col-50 elementor-inner-column elementor-element elementor-element-4e97132\" data-id=\"4e97132\" data-element_type=\"column\">\n\t\t\t<div class=\"elementor-widget-wrap elementor-element-populated\">\n\t\t\t\t\t\t<div class=\"elementor-element elementor-element-b569fcd elementor-widget elementor-widget-heading\" data-id=\"b569fcd\" data-element_type=\"widget\" data-widget_type=\"heading.default\">\n\t\t\t\t<div class=\"elementor-widget-container\">\n\t\t\t<h3 class=\"elementor-heading-title elementor-size-default\">\u0130novasyon<\/h3>\t\t<\/div>\n\t\t\t\t<\/div>\n\t\t\t\t<div class=\"elementor-element elementor-element-7981e30 elementor-widget elementor-widget-text-editor\" data-id=\"7981e30\" data-element_type=\"widget\" data-widget_type=\"text-editor.default\">\n\t\t\t\t<div class=\"elementor-widget-container\">\n\t\t\t\t\t\t\t<p><span style=\"font-weight: 400;\">Ara\u015ft\u0131rma d\u00fcnyas\u0131n\u0131n gelece\u011fi \u00fczerine d\u00fc\u015f\u00fcn\u00fcr, bir ara\u015ft\u0131rma kul\u00fcb\u00fc gibidir. Yeni teknolojileri, metotlar\u0131 ara\u015ft\u0131r\u0131r, d\u00fc\u015f\u00fcn\u00fcr, test eder. <\/span><\/p>\t\t\t\t\t\t<\/div>\n\t\t\t\t<\/div>\n\t\t\t\t\t<\/div>\n\t\t<\/div>\n\t\t\t\t\t<\/div>\n\t\t<\/section>\n\t\t\t\t\t<\/div>\n\t\t<\/div>\n\t\t\t\t\t<\/div>\n\t\t<\/section>\n\t\t<div class=\"elementor-element elementor-element-6deef8b e-flex e-con-boxed e-con e-parent\" data-id=\"6deef8b\" data-element_type=\"container\">\n\t\t\t\t\t<div class=\"e-con-inner\">\n\t\t\t\t\t<\/div>\n\t\t\t\t<\/div>\n\t\t\t\t<\/div>\n\t\t","protected":false},"excerpt":{"rendered":"<p>Saha \u00c7al\u0131\u015fmalar\u0131 T\u00fcrkiye Barometreleri: \u00a0Temel sorun alanlar\u0131nda boylamsal baz ara\u015ft\u0131rmalar yapar. Konsept Ara\u015ft\u0131rmalar\u0131: Farkl\u0131 tematik alanlarda konsept ara\u015ft\u0131rmalar \u00fcretir. Metrik Geli\u015ftirme Ara\u015ft\u0131rmalar\u0131: Bir\u00e7ok farkl\u0131 alan\u0131n izlenmesini kolayla\u015ft\u0131racak metrikler geli\u015ftirmek \u00fczere ara\u015ft\u0131rmalar yapar. Destek Kapasite Geli\u015ftirme: Ara\u015ft\u0131rma d\u00fcnyas\u0131n\u0131 geli\u015ftirmek ve ara\u015ft\u0131rmac\u0131 yeti\u015ftirmek \u00fczere kapasite geli\u015ftirme programlar\u0131, e\u011fitimler tasarlar, uygular Ara\u015ft\u0131rma Rehberli\u011fi: Farkl\u0131 ara\u015ft\u0131rmalar\u0131n tasar\u0131m\u0131na, sahas\u0131na ve&hellip;<\/p>\n","protected":false},"author":1,"featured_media":0,"parent":0,"menu_order":40,"comment_status":"closed","ping_status":"closed","template":"","meta":{"jetpack_post_was_ever_published":false,"footnotes":""},"class_list":["post-77970","page","type-page","status-publish","hentry"],"yoast_head":"<!-- This site is optimized with the Yoast SEO plugin v24.0 - https:\/\/yoast.com\/wordpress\/plugins\/seo\/ -->\n<title>Enstit\u00fc Ne Yapar? - CORE Ara\u015ft\u0131rma Enstit&uuml;s&uuml;<\/title>\n<meta name=\"robots\" content=\"index, follow, max-snippet:-1, max-image-preview:large, max-video-preview:-1\" \/>\n<link rel=\"canonical\" href=\"https:\/\/core.org.tr\/?page_id=77970\" \/>\n<meta property=\"og:locale\" content=\"tr_TR\" \/>\n<meta property=\"og:type\" content=\"article\" \/>\n<meta property=\"og:title\" content=\"Enstit\u00fc Ne Yapar? - CORE Ara\u015ft\u0131rma Enstit&uuml;s&uuml;\" \/>\n<meta property=\"og:description\" content=\"Saha \u00c7al\u0131\u015fmalar\u0131 T\u00fcrkiye Barometreleri: \u00a0Temel sorun alanlar\u0131nda boylamsal baz ara\u015ft\u0131rmalar yapar. Konsept Ara\u015ft\u0131rmalar\u0131: Farkl\u0131 tematik alanlarda konsept ara\u015ft\u0131rmalar \u00fcretir. Metrik Geli\u015ftirme Ara\u015ft\u0131rmalar\u0131: Bir\u00e7ok farkl\u0131 alan\u0131n izlenmesini kolayla\u015ft\u0131racak metrikler geli\u015ftirmek \u00fczere ara\u015ft\u0131rmalar yapar. Destek Kapasite Geli\u015ftirme: Ara\u015ft\u0131rma d\u00fcnyas\u0131n\u0131 geli\u015ftirmek ve ara\u015ft\u0131rmac\u0131 yeti\u015ftirmek \u00fczere kapasite geli\u015ftirme programlar\u0131, e\u011fitimler tasarlar, uygular Ara\u015ft\u0131rma Rehberli\u011fi: Farkl\u0131 ara\u015ft\u0131rmalar\u0131n tasar\u0131m\u0131na, sahas\u0131na ve&hellip;\" \/>\n<meta property=\"og:url\" content=\"https:\/\/core.org.tr\/?page_id=77970\" \/>\n<meta property=\"og:site_name\" content=\"CORE Ara\u015ft\u0131rma Enstit&uuml;s&uuml;\" \/>\n<meta property=\"article:publisher\" content=\"https:\/\/www.facebook.com\/corearastirma\" \/>\n<meta property=\"article:modified_time\" content=\"2023-12-01T12:59:16+00:00\" \/>\n<meta name=\"twitter:card\" content=\"summary_large_image\" \/>\n<meta name=\"twitter:site\" content=\"@corearastirma\" \/>\n<meta name=\"twitter:label1\" content=\"Tahmini okuma s\u00fcresi\" \/>\n\t<meta name=\"twitter:data1\" content=\"1 dakika\" \/>\n<script type=\"application\/ld+json\" class=\"yoast-schema-graph\">{\"@context\":\"https:\/\/schema.org\",\"@graph\":[{\"@type\":\"WebPage\",\"@id\":\"https:\/\/core.org.tr\/?page_id=77970\",\"url\":\"https:\/\/core.org.tr\/?page_id=77970\",\"name\":\"Enstit\u00fc Ne Yapar? - CORE Ara\u015ft\u0131rma Enstit&uuml;s&uuml;\",\"isPartOf\":{\"@id\":\"https:\/\/core.org.tr\/#website\"},\"datePublished\":\"2023-01-12T18:02:06+00:00\",\"dateModified\":\"2023-12-01T12:59:16+00:00\",\"breadcrumb\":{\"@id\":\"https:\/\/core.org.tr\/?page_id=77970#breadcrumb\"},\"inLanguage\":\"tr\",\"potentialAction\":[{\"@type\":\"ReadAction\",\"target\":[\"https:\/\/core.org.tr\/?page_id=77970\"]}]},{\"@type\":\"BreadcrumbList\",\"@id\":\"https:\/\/core.org.tr\/?page_id=77970#breadcrumb\",\"itemListElement\":[{\"@type\":\"ListItem\",\"position\":1,\"name\":\"Anasayfa\",\"item\":\"https:\/\/core.org.tr\/\"},{\"@type\":\"ListItem\",\"position\":2,\"name\":\"Enstit\u00fc Ne Yapar?\"}]},{\"@type\":\"WebSite\",\"@id\":\"https:\/\/core.org.tr\/#website\",\"url\":\"https:\/\/core.org.tr\/\",\"name\":\"CORE Ara\u015ft\u0131rma Enstit&uuml;s&uuml;\",\"description\":\"Collective - Cooperative - Collaborative - Correlative - Comparative\",\"publisher\":{\"@id\":\"https:\/\/core.org.tr\/#organization\"},\"potentialAction\":[{\"@type\":\"SearchAction\",\"target\":{\"@type\":\"EntryPoint\",\"urlTemplate\":\"https:\/\/core.org.tr\/?s={search_term_string}\"},\"query-input\":{\"@type\":\"PropertyValueSpecification\",\"valueRequired\":true,\"valueName\":\"search_term_string\"}}],\"inLanguage\":\"tr\"},{\"@type\":\"Organization\",\"@id\":\"https:\/\/core.org.tr\/#organization\",\"name\":\"CORE Ara\u015ft\u0131rma Enstit&uuml;s&uuml;\",\"url\":\"https:\/\/core.org.tr\/\",\"logo\":{\"@type\":\"ImageObject\",\"inLanguage\":\"tr\",\"@id\":\"https:\/\/core.org.tr\/#\/schema\/logo\/image\/\",\"url\":\"https:\/\/core.org.tr\/wp-content\/uploads\/2023\/12\/CORE-Logo-Yatay-Ana.png\",\"contentUrl\":\"https:\/\/core.org.tr\/wp-content\/uploads\/2023\/12\/CORE-Logo-Yatay-Ana.png\",\"width\":2928,\"height\":2044,\"caption\":\"CORE Ara\u015ft\u0131rma Enstit&uuml;s&uuml;\"},\"image\":{\"@id\":\"https:\/\/core.org.tr\/#\/schema\/logo\/image\/\"},\"sameAs\":[\"https:\/\/www.facebook.com\/corearastirma\",\"https:\/\/x.com\/corearastirma\",\"https:\/\/www.instagram.com\/corearastirma\",\"https:\/\/www.linkedin.com\/company\/corearastirma\/\"]}]}<\/script>\n<!-- \/ Yoast SEO plugin. -->","yoast_head_json":{"title":"Enstit\u00fc Ne Yapar? - CORE Ara\u015ft\u0131rma Enstit&uuml;s&uuml;","robots":{"index":"index","follow":"follow","max-snippet":"max-snippet:-1","max-image-preview":"max-image-preview:large","max-video-preview":"max-video-preview:-1"},"canonical":"https:\/\/core.org.tr\/?page_id=77970","og_locale":"tr_TR","og_type":"article","og_title":"Enstit\u00fc Ne Yapar? - CORE Ara\u015ft\u0131rma Enstit&uuml;s&uuml;","og_description":"Saha \u00c7al\u0131\u015fmalar\u0131 T\u00fcrkiye Barometreleri: \u00a0Temel sorun alanlar\u0131nda boylamsal baz ara\u015ft\u0131rmalar yapar. Konsept Ara\u015ft\u0131rmalar\u0131: Farkl\u0131 tematik alanlarda konsept ara\u015ft\u0131rmalar \u00fcretir. Metrik Geli\u015ftirme Ara\u015ft\u0131rmalar\u0131: Bir\u00e7ok farkl\u0131 alan\u0131n izlenmesini kolayla\u015ft\u0131racak metrikler geli\u015ftirmek \u00fczere ara\u015ft\u0131rmalar yapar. Destek Kapasite Geli\u015ftirme: Ara\u015ft\u0131rma d\u00fcnyas\u0131n\u0131 geli\u015ftirmek ve ara\u015ft\u0131rmac\u0131 yeti\u015ftirmek \u00fczere kapasite geli\u015ftirme programlar\u0131, e\u011fitimler tasarlar, uygular Ara\u015ft\u0131rma Rehberli\u011fi: Farkl\u0131 ara\u015ft\u0131rmalar\u0131n tasar\u0131m\u0131na, sahas\u0131na ve&hellip;","og_url":"https:\/\/core.org.tr\/?page_id=77970","og_site_name":"CORE Ara\u015ft\u0131rma Enstit&uuml;s&uuml;","article_publisher":"https:\/\/www.facebook.com\/corearastirma","article_modified_time":"2023-12-01T12:59:16+00:00","twitter_card":"summary_large_image","twitter_site":"@corearastirma","twitter_misc":{"Tahmini okuma s\u00fcresi":"1 dakika"},"schema":{"@context":"https:\/\/schema.org","@graph":[{"@type":"WebPage","@id":"https:\/\/core.org.tr\/?page_id=77970","url":"https:\/\/core.org.tr\/?page_id=77970","name":"Enstit\u00fc Ne Yapar? - CORE Ara\u015ft\u0131rma Enstit&uuml;s&uuml;","isPartOf":{"@id":"https:\/\/core.org.tr\/#website"},"datePublished":"2023-01-12T18:02:06+00:00","dateModified":"2023-12-01T12:59:16+00:00","breadcrumb":{"@id":"https:\/\/core.org.tr\/?page_id=77970#breadcrumb"},"inLanguage":"tr","potentialAction":[{"@type":"ReadAction","target":["https:\/\/core.org.tr\/?page_id=77970"]}]},{"@type":"BreadcrumbList","@id":"https:\/\/core.org.tr\/?page_id=77970#breadcrumb","itemListElement":[{"@type":"ListItem","position":1,"name":"Anasayfa","item":"https:\/\/core.org.tr\/"},{"@type":"ListItem","position":2,"name":"Enstit\u00fc Ne Yapar?"}]},{"@type":"WebSite","@id":"https:\/\/core.org.tr\/#website","url":"https:\/\/core.org.tr\/","name":"CORE Ara\u015ft\u0131rma Enstit&uuml;s&uuml;","description":"Collective - Cooperative - Collaborative - Correlative - Comparative","publisher":{"@id":"https:\/\/core.org.tr\/#organization"},"potentialAction":[{"@type":"SearchAction","target":{"@type":"EntryPoint","urlTemplate":"https:\/\/core.org.tr\/?s={search_term_string}"},"query-input":{"@type":"PropertyValueSpecification","valueRequired":true,"valueName":"search_term_string"}}],"inLanguage":"tr"},{"@type":"Organization","@id":"https:\/\/core.org.tr\/#organization","name":"CORE Ara\u015ft\u0131rma Enstit&uuml;s&uuml;","url":"https:\/\/core.org.tr\/","logo":{"@type":"ImageObject","inLanguage":"tr","@id":"https:\/\/core.org.tr\/#\/schema\/logo\/image\/","url":"https:\/\/core.org.tr\/wp-content\/uploads\/2023\/12\/CORE-Logo-Yatay-Ana.png","contentUrl":"https:\/\/core.org.tr\/wp-content\/uploads\/2023\/12\/CORE-Logo-Yatay-Ana.png","width":2928,"height":2044,"caption":"CORE Ara\u015ft\u0131rma Enstit&uuml;s&uuml;"},"image":{"@id":"https:\/\/core.org.tr\/#\/schema\/logo\/image\/"},"sameAs":["https:\/\/www.facebook.com\/corearastirma","https:\/\/x.com\/corearastirma","https:\/\/www.instagram.com\/corearastirma","https:\/\/www.linkedin.com\/company\/corearastirma\/"]}]}},"jetpack_sharing_enabled":true,"_links":{"self":[{"href":"https:\/\/core.org.tr\/index.php?rest_route=\/wp\/v2\/pages\/77970","targetHints":{"allow":["GET"]}}],"collection":[{"href":"https:\/\/core.org.tr\/index.php?rest_route=\/wp\/v2\/pages"}],"about":[{"href":"https:\/\/core.org.tr\/index.php?rest_route=\/wp\/v2\/types\/page"}],"author":[{"embeddable":true,"href":"https:\/\/core.org.tr\/index.php?rest_route=\/wp\/v2\/users\/1"}],"replies":[{"embeddable":true,"href":"https:\/\/core.org.tr\/index.php?rest_route=%2Fwp%2Fv2%2Fcomments&post=77970"}],"version-history":[{"count":19,"href":"https:\/\/core.org.tr\/index.php?rest_route=\/wp\/v2\/pages\/77970\/revisions"}],"predecessor-version":[{"id":87430,"href":"https:\/\/core.org.tr\/index.php?rest_route=\/wp\/v2\/pages\/77970\/revisions\/87430"}],"wp:attachment":[{"href":"https:\/\/core.org.tr\/index.php?rest_route=%2Fwp%2Fv2%2Fmedia&parent=77970"}],"curies":[{"name":"wp","href":"https:\/\/api.w.org\/{rel}","templated":true}]}}