{"id":3,"date":"2023-12-01T11:39:03","date_gmt":"2023-12-01T08:39:03","guid":{"rendered":"http:\/\/4pn.10a.mywebsitetransfer.com\/?page_id=3"},"modified":"2023-12-01T18:17:46","modified_gmt":"2023-12-01T15:17:46","slug":"gizlilik-politikasi","status":"publish","type":"page","link":"https:\/\/core.org.tr\/?page_id=3","title":{"rendered":"Gizlilik Politikam\u0131z"},"content":{"rendered":"\t\t<div data-elementor-type=\"wp-page\" data-elementor-id=\"3\" class=\"elementor elementor-3\" data-elementor-post-type=\"page\">\n\t\t\t\t<div class=\"elementor-element elementor-element-6afc0da8 e-flex e-con-boxed e-con e-parent\" data-id=\"6afc0da8\" data-element_type=\"container\">\n\t\t\t\t\t<div class=\"e-con-inner\">\n\t\t\t\t<div class=\"elementor-element elementor-element-452318dc elementor-widget elementor-widget-text-editor\" data-id=\"452318dc\" data-element_type=\"widget\" data-widget_type=\"text-editor.default\">\n\t\t\t\t<div class=\"elementor-widget-container\">\n\t\t\t\t\t\t\t<p><!-- wp:heading --><\/p>\n<p style=\"font-weight: 400;\"><strong>K\u0130\u015e\u0130SEL VER\u0130LER\u0130N KORUNMASI VE \u0130\u015eLENMES\u0130 HAKKINDA\u00a0<\/strong><\/p>\n<p style=\"font-weight: 400;\"><strong>GENEL AYDINLATMA METN\u0130<\/strong><\/p>\n<p style=\"font-weight: 400;\">Kolektif Ara\u015ft\u0131rmalar Derne\u011fi (\u201c<strong>CORE<\/strong>\u201d\u00a0<strong>veya \u201cdernek\u201d)<\/strong>\u00a0olarak ki\u015fisel verilerinizin g\u00fcvenli\u011fi hususuna azami hassasiyet g\u00f6stermekteyiz. Bu do\u011frultuda, derne\u011fin etkile\u015fim i\u00e7erisine oldu\u011fu ger\u00e7ek ki\u015filere ait ki\u015fisel verilerin 6698 say\u0131l\u0131 Ki\u015fisel Verilerin Korunmas\u0131 Kanunu (\u201c<strong>Kanun<\/strong>\u201d)\u2019na, Kanun\u2019a ba\u011fl\u0131 y\u00fcr\u00fcrl\u00fc\u011fe koyulan ve koyulacak ikincil d\u00fczenlemelere (y\u00f6netmelik, tebli\u011f, genelge) ve ba\u011flay\u0131c\u0131 nitelikteki Ki\u015fisel Verileri Koruma Kurul\u2019u taraf\u0131ndan al\u0131nm\u0131\u015f ve al\u0131nacak kararlara uygun olarak i\u015flenerek, muhafaza edilmesine b\u00fcy\u00fck \u00f6nem atfetmekteyiz. Bu sorumlulu\u011fumuzun gere\u011fi ve Kanun metninde tan\u0131ml\u0131 \u015fekli ile \u201cVeri Sorumlusu\u201d s\u0131fat\u0131yla, ki\u015fisel verilerinizi ilgili ticari ili\u015fkiler kapsam\u0131nda a\u015fa\u011f\u0131da izah edildi\u011fi surette ve mevzuat taraf\u0131ndan emredilen s\u0131n\u0131rlar \u00e7er\u00e7evesinde i\u015flemekteyiz.<\/p>\n<p>\u00a0<\/p>\n<ol style=\"font-weight: 400;\">\n<li><strong>Veri Sorumlusuna \u0130li\u015fkin Bilgiler\u00a0<\/strong><\/li>\n<\/ol>\n<p style=\"font-weight: 400;\">Kanun uyar\u0131nca \u0130stanbul Dernekler Masas\u0131na kay\u0131tl\u0131, Osmana\u011fa Mh. S\u00f6\u011f\u00fctl\u00fc\u00e7e\u015fme Cd. No:56\/5 adresinde mukim Kolektif Ara\u015ft\u0131rmalar Derne\u011fi (CORE) Veri Sorumlusudur.<\/p>\n<p style=\"font-weight: 400;\"><strong>\u00a0<\/strong><\/p>\n<ul style=\"font-weight: 400;\">\n<li><strong>Ki\u015fisel Verilerin \u0130\u015flenme Ama\u00e7lar\u0131<\/strong><\/li>\n<\/ul>\n<p style=\"font-weight: 400;\">Ki\u015fisel verileriniz dernek taraf\u0131ndan; derne\u011fin y\u00fcr\u00fctt\u00fc\u011f\u00fc sosyal veya ticari faaliyetlerin mevzuata ve dernek politikalar\u0131na uygun olarak yerine getirilmesi i\u00e7in derne\u011fin i\u015f birimleri taraf\u0131ndan gerekli \u00e7al\u0131\u015fmalar\u0131n yap\u0131lmas\u0131 ve bu do\u011frultuda faaliyetlerin y\u00fcr\u00fct\u00fclmesi, derne\u011fin k\u0131sa, orta ve uzun vadede s\u00fcrd\u00fcr\u00fclebilirlik politikalar\u0131n\u0131n tespit edilmesi, planlanmas\u0131 ve uygulanmas\u0131, derne\u011fin insan kaynaklar\u0131 faaliyetlerinin tasarlanmas\u0131 ve y\u00fcr\u00fct\u00fclmesi, derne\u011fin ilgili mevzuattan do\u011fan y\u00fck\u00fcml\u00fcl\u00fcklerin yerine getirilmesi, m\u00fc\u015fteri ili\u015fkileri ve kurumsal ileti\u015fim s\u00fcre\u00e7lerinin y\u00f6netilmesi ve derne\u011fin ileti\u015fim ve i\u015f ili\u015fkisi i\u00e7erisinde oldu\u011fu ger\u00e7ek ve t\u00fczel ki\u015filerin ticari ve hukuki emniyetinin sa\u011flanmas\u0131 ama\u00e7lar\u0131yla Kanun\u2019da belirtilen s\u0131n\u0131rlar \u00e7er\u00e7evesinde hukuka, d\u00fcr\u00fcstl\u00fck kurallar\u0131na uygun ve i\u015fbu ama\u00e7larla daima ba\u011flant\u0131l\u0131, s\u0131n\u0131rl\u0131 ve \u00f6l\u00e7\u00fcl\u00fc \u015fekilde i\u015flenmektedir.<\/p>\n<p style=\"font-weight: 400;\"><strong>\u00a0<\/strong><\/p>\n<ul style=\"font-weight: 400;\">\n<li><strong>Ki\u015fisel Verilerin Aktar\u0131lmas\u0131<\/strong><\/li>\n<\/ul>\n<p style=\"font-weight: 400;\">Ki\u015fisel verileriniz yukar\u0131da belirtilen ama\u00e7lar dahilinde, Kanun\u2019un 8. ve 9. maddesinde belirtilen \u015fartlara uygun olarak ba\u015fta kanunen yetkili kamu kurulu\u015flar\u0131na, adli ve idari makamlara, sair mevzuatta izin verilen \u00f6zel hukuk t\u00fczel ve ger\u00e7ek ki\u015filerine, derneki denetime yetkili kurum ve kurulu\u015flara, \u00f6demelerin ve mali y\u00fck\u00fcml\u00fcl\u00fcklerin yerine getirilmesi ad\u0131na anla\u015fmal\u0131 olunan \u00f6deme kurulu\u015flar\u0131na, derne\u011fin faaliyetlerinin y\u00fcr\u00fct\u00fclmesi ve geli\u015ftirilmesi i\u00e7in hizmet al\u0131nan veya i\u015fbirli\u011fi i\u00e7erisinde olunan i\u015f ortaklar\u0131na ve sadece gerekti\u011finde derne\u011fin tedarik\u00e7ilerine Kanun\u2019da belirtilen veri g\u00fcvenli\u011fi tedbirleri al\u0131nmak suretiyle aktar\u0131lmaktad\u0131r.\u00a0<\/p>\n<p style=\"font-weight: 400;\"><strong>\u00a0<\/strong><\/p>\n<ul style=\"font-weight: 400;\">\n<li><strong>Ki\u015fisel Verilerin Toplanma Y\u00f6ntemi ve Hukuki Sebebi\u00a0<\/strong><\/li>\n<\/ul>\n<p style=\"font-weight: 400;\">Ki\u015fisel verileriniz, derne\u011fin yetkili birim ve \u00e7al\u0131\u015fanlar\u0131 taraf\u0131ndan otomatik ve otomatik olmayan y\u00f6ntemlerle, s\u00f6zl\u00fc, yaz\u0131l\u0131, g\u00f6r\u00fcnt\u00fcl\u00fc veya elektronik ortamda toplanmaktad\u0131r. Bu kapsamda kimlik, ileti\u015fim, lokasyon, m\u00fc\u015fteri i\u015flem, fiziksel mek\u00e2n g\u00fcvenli\u011fi, i\u015flem g\u00fcvenli\u011fi, risk y\u00f6netimi, finans, mesleki deneyim, g\u00f6rsel ve i\u015fitsel kay\u0131tlar kategorisinde yer alan ki\u015fisel veriler; Kanun\u2019un 5. Maddesinin ikinci f\u0131kras\u0131nda g\u00f6sterilen bir s\u00f6zle\u015fmenin\/anla\u015fman\u0131n kurulmas\u0131 veya ifas\u0131yla do\u011frudan do\u011fruya ilgili olmas\u0131ndan dolay\u0131 s\u00f6zle\u015fmenin\/anla\u015fman\u0131n taraflar\u0131na ait ki\u015fisel verilerin i\u015flenmesinin zorunlu olmas\u0131, veri sorumlusunun hukuki y\u00fck\u00fcml\u00fcl\u00fc\u011f\u00fcn\u00fc yerine getirebilmesi i\u00e7in veri i\u015flemenin zorunlu olmas\u0131, ilgili ki\u015finin kendisi taraf\u0131ndan alenile\u015ftirilmi\u015f olmas\u0131 ve ilgili ki\u015finin temel hak ve \u00f6zg\u00fcrl\u00fcklerinize zarar vermemek kayd\u0131yla CORE&#8217;un me\u015fru menfaatleri i\u00e7in veri i\u015flemenin zorunlu olmas\u0131 hukuki sebeplerine dayal\u0131 olarak i\u015flenmektedir.\u00a0<\/p>\n<p style=\"font-weight: 400;\"><strong>\u00a0<\/strong><\/p>\n<ul style=\"font-weight: 400;\">\n<li><strong>Veri Sahiplerinin Kanun Kapsam\u0131ndaki Haklar\u0131<\/strong><\/li>\n<\/ul>\n<p style=\"font-weight: 400;\">Diledi\u011finiz zaman CORA&#8217;a ba\u015fvurarak;<\/p>\n<ul style=\"font-weight: 400;\">\n<li>Ki\u015fisel verilerinizin i\u015flenip i\u015flenmedi\u011fini \u00f6\u011frenme,\u00a0<\/li>\n<li>Ki\u015fisel verileriniz i\u015flenmi\u015fse buna ili\u015fkin bilgi talep etme,<\/li>\n<li>Ki\u015fisel verilerinizin i\u015flenme amac\u0131n\u0131 ve bunlar\u0131n amac\u0131na uygun kullan\u0131l\u0131p kullan\u0131lmad\u0131\u011f\u0131n\u0131 \u00f6\u011frenme,\u00a0<\/li>\n<li>Yurt i\u00e7inde veya yurt d\u0131\u015f\u0131nda ki\u015fisel verilerinizin aktar\u0131ld\u0131\u011f\u0131 \u00fc\u00e7\u00fcnc\u00fc ki\u015fileri bilme,\u00a0<\/li>\n<li>Ki\u015fisel verilerinizin eksik veya yanl\u0131\u015f i\u015flenmi\u015f olmas\u0131 h\u00e2linde bunlar\u0131n d\u00fczeltilmesini isteme,\u00a0<\/li>\n<li>Kanun\u2019un 7. maddesinde \u00f6ng\u00f6r\u00fclen \u015fartlar \u00e7er\u00e7evesinde ki\u015fisel verilerin silinmesini veya yok edilmesini isteme,\u00a0<\/li>\n<li>Kanun\u2019un 11. maddesinin (d) ve (e) bentleri uyar\u0131nca yap\u0131lan i\u015flemlerin, ki\u015fisel verilerinizin aktar\u0131ld\u0131\u011f\u0131 \u00fc\u00e7\u00fcnc\u00fc ki\u015filere bildirilmesini isteme,\u00a0<\/li>\n<li>\u0130\u015flenen verilerinizin m\u00fcnhas\u0131ran otomatik sistemler vas\u0131tas\u0131yla analiz edilmesi suretiyle kendiniz aleyhine bir sonucun ortaya \u00e7\u0131kmas\u0131na itiraz etme,<\/li>\n<li>Ki\u015fisel verilerinizin kanuna ayk\u0131r\u0131 olarak i\u015flenmesi sebebiyle zarara u\u011framan\u0131z h\u00e2linde zarar\u0131n giderilmesini talep etme,<\/li>\n<\/ul>\n<p style=\"font-weight: 400;\">haklar\u0131n\u0131z\u0131 kullanmay\u0131 talep edebilirsiniz. Haklar\u0131n\u0131za ve Kanunun uygulanmas\u0131na ili\u015fkin taleplerinizi, i\u015fyerinden veya www.core.org.tr adresinden temin edebilece\u011finiz ba\u015fvuru formunu doldurarak \u0131slak imzal\u0131 Osmana\u011fa Mh. S\u00f6\u011f\u00fctl\u00fc\u00e7e\u015fme Cd. No:56\/5 Kad\u0131k\u00f6y \/ \u0130stanbul adresinde adresine noter kanal\u0131yla, iadeli taahh\u00fctl\u00fc posta yoluyla veya \u015fahsi ba\u015fvurunuzla ya da elektronik ortamda doldurdu\u011funuz ba\u015fvuru formunu mobil imzan\u0131zla, g\u00fcvenli elektronik imzan\u0131zla imzalad\u0131ktan sonra KEP adresinizi veya CORE&#8217;un veri kay\u0131t sisteminde halihaz\u0131rda kay\u0131tl\u0131 olan e-posta adresinizi kullanarak\u00a0<a href=\"mailto:info@adhoc.com.tr\">info@core.org.tr\u00a0<\/a>adresine iletebilirsiniz. CORE, bu kapsamdaki taleplere yaz\u0131l\u0131 olarak cevap verilecekse, on sayfaya kadar \u00fccret almadan; on sayfan\u0131n \u00fczerindeki her sayfa i\u00e7in 1 T\u00fcrk Liras\u0131 i\u015flem \u00fccreti alarak yan\u0131tland\u0131racakt\u0131r. Ba\u015fvuruya cevab\u0131n CD, flash bellek gibi bir kay\u0131t ortam\u0131nda verilmesi halinde dernek taraf\u0131ndan talep edilebilecek \u00fccret kay\u0131t ortam\u0131n\u0131n maliyetini ge\u00e7emeyecektir.<\/p>\n<p style=\"font-weight: 400;\">\u00a0<\/p>\n<p><!-- \/wp:paragraph --><\/p>\t\t\t\t\t\t<\/div>\n\t\t\t\t<\/div>\n\t\t\t\t\t<\/div>\n\t\t\t\t<\/div>\n\t\t\t\t<\/div>\n\t\t","protected":false},"excerpt":{"rendered":"<p>K\u0130\u015e\u0130SEL VER\u0130LER\u0130N KORUNMASI VE \u0130\u015eLENMES\u0130 HAKKINDA\u00a0 GENEL AYDINLATMA METN\u0130 Kolektif Ara\u015ft\u0131rmalar Derne\u011fi (\u201cCORE\u201d\u00a0veya \u201cdernek\u201d)\u00a0olarak ki\u015fisel verilerinizin g\u00fcvenli\u011fi hususuna azami hassasiyet g\u00f6stermekteyiz. Bu do\u011frultuda, derne\u011fin etkile\u015fim i\u00e7erisine oldu\u011fu ger\u00e7ek ki\u015filere ait ki\u015fisel verilerin 6698 say\u0131l\u0131 Ki\u015fisel Verilerin Korunmas\u0131 Kanunu (\u201cKanun\u201d)\u2019na, Kanun\u2019a ba\u011fl\u0131 y\u00fcr\u00fcrl\u00fc\u011fe koyulan ve koyulacak ikincil d\u00fczenlemelere (y\u00f6netmelik, tebli\u011f, genelge) ve ba\u011flay\u0131c\u0131 nitelikteki Ki\u015fisel Verileri&hellip;<\/p>\n","protected":false},"author":1,"featured_media":0,"parent":0,"menu_order":0,"comment_status":"closed","ping_status":"closed","template":"","meta":{"jetpack_post_was_ever_published":false,"footnotes":""},"class_list":["post-3","page","type-page","status-publish","hentry"],"yoast_head":"<!-- This site is optimized with the Yoast SEO plugin v24.0 - https:\/\/yoast.com\/wordpress\/plugins\/seo\/ -->\n<title>Gizlilik Politikam\u0131z - CORE Ara\u015ft\u0131rma Enstit&uuml;s&uuml;<\/title>\n<meta name=\"robots\" content=\"index, follow, max-snippet:-1, max-image-preview:large, max-video-preview:-1\" \/>\n<link rel=\"canonical\" href=\"https:\/\/core.org.tr\/?page_id=3\" \/>\n<meta property=\"og:locale\" content=\"tr_TR\" \/>\n<meta property=\"og:type\" content=\"article\" \/>\n<meta property=\"og:title\" content=\"Gizlilik Politikam\u0131z - CORE Ara\u015ft\u0131rma Enstit&uuml;s&uuml;\" \/>\n<meta property=\"og:description\" content=\"K\u0130\u015e\u0130SEL VER\u0130LER\u0130N KORUNMASI VE \u0130\u015eLENMES\u0130 HAKKINDA\u00a0 GENEL AYDINLATMA METN\u0130 Kolektif Ara\u015ft\u0131rmalar Derne\u011fi (\u201cCORE\u201d\u00a0veya \u201cdernek\u201d)\u00a0olarak ki\u015fisel verilerinizin g\u00fcvenli\u011fi hususuna azami hassasiyet g\u00f6stermekteyiz. Bu do\u011frultuda, derne\u011fin etkile\u015fim i\u00e7erisine oldu\u011fu ger\u00e7ek ki\u015filere ait ki\u015fisel verilerin 6698 say\u0131l\u0131 Ki\u015fisel Verilerin Korunmas\u0131 Kanunu (\u201cKanun\u201d)\u2019na, Kanun\u2019a ba\u011fl\u0131 y\u00fcr\u00fcrl\u00fc\u011fe koyulan ve koyulacak ikincil d\u00fczenlemelere (y\u00f6netmelik, tebli\u011f, genelge) ve ba\u011flay\u0131c\u0131 nitelikteki Ki\u015fisel Verileri&hellip;\" \/>\n<meta property=\"og:url\" content=\"https:\/\/core.org.tr\/?page_id=3\" \/>\n<meta property=\"og:site_name\" content=\"CORE Ara\u015ft\u0131rma Enstit&uuml;s&uuml;\" \/>\n<meta property=\"article:publisher\" content=\"https:\/\/www.facebook.com\/corearastirma\" \/>\n<meta property=\"article:modified_time\" content=\"2023-12-01T15:17:46+00:00\" \/>\n<meta name=\"twitter:card\" content=\"summary_large_image\" \/>\n<meta name=\"twitter:site\" content=\"@corearastirma\" \/>\n<meta name=\"twitter:label1\" content=\"Tahmini okuma s\u00fcresi\" \/>\n\t<meta name=\"twitter:data1\" content=\"5 dakika\" \/>\n<script type=\"application\/ld+json\" class=\"yoast-schema-graph\">{\"@context\":\"https:\/\/schema.org\",\"@graph\":[{\"@type\":\"WebPage\",\"@id\":\"https:\/\/core.org.tr\/?page_id=3\",\"url\":\"https:\/\/core.org.tr\/?page_id=3\",\"name\":\"Gizlilik Politikam\u0131z - CORE Ara\u015ft\u0131rma Enstit&uuml;s&uuml;\",\"isPartOf\":{\"@id\":\"https:\/\/core.org.tr\/#website\"},\"datePublished\":\"2023-12-01T08:39:03+00:00\",\"dateModified\":\"2023-12-01T15:17:46+00:00\",\"breadcrumb\":{\"@id\":\"https:\/\/core.org.tr\/?page_id=3#breadcrumb\"},\"inLanguage\":\"tr\",\"potentialAction\":[{\"@type\":\"ReadAction\",\"target\":[\"https:\/\/core.org.tr\/?page_id=3\"]}]},{\"@type\":\"BreadcrumbList\",\"@id\":\"https:\/\/core.org.tr\/?page_id=3#breadcrumb\",\"itemListElement\":[{\"@type\":\"ListItem\",\"position\":1,\"name\":\"Anasayfa\",\"item\":\"https:\/\/core.org.tr\/\"},{\"@type\":\"ListItem\",\"position\":2,\"name\":\"Gizlilik Politikam\u0131z\"}]},{\"@type\":\"WebSite\",\"@id\":\"https:\/\/core.org.tr\/#website\",\"url\":\"https:\/\/core.org.tr\/\",\"name\":\"CORE Ara\u015ft\u0131rma Enstit&uuml;s&uuml;\",\"description\":\"Collective - Cooperative - Collaborative - Correlative - Comparative\",\"publisher\":{\"@id\":\"https:\/\/core.org.tr\/#organization\"},\"potentialAction\":[{\"@type\":\"SearchAction\",\"target\":{\"@type\":\"EntryPoint\",\"urlTemplate\":\"https:\/\/core.org.tr\/?s={search_term_string}\"},\"query-input\":{\"@type\":\"PropertyValueSpecification\",\"valueRequired\":true,\"valueName\":\"search_term_string\"}}],\"inLanguage\":\"tr\"},{\"@type\":\"Organization\",\"@id\":\"https:\/\/core.org.tr\/#organization\",\"name\":\"CORE Ara\u015ft\u0131rma Enstit&uuml;s&uuml;\",\"url\":\"https:\/\/core.org.tr\/\",\"logo\":{\"@type\":\"ImageObject\",\"inLanguage\":\"tr\",\"@id\":\"https:\/\/core.org.tr\/#\/schema\/logo\/image\/\",\"url\":\"https:\/\/core.org.tr\/wp-content\/uploads\/2023\/12\/CORE-Logo-Yatay-Ana.png\",\"contentUrl\":\"https:\/\/core.org.tr\/wp-content\/uploads\/2023\/12\/CORE-Logo-Yatay-Ana.png\",\"width\":2928,\"height\":2044,\"caption\":\"CORE Ara\u015ft\u0131rma Enstit&uuml;s&uuml;\"},\"image\":{\"@id\":\"https:\/\/core.org.tr\/#\/schema\/logo\/image\/\"},\"sameAs\":[\"https:\/\/www.facebook.com\/corearastirma\",\"https:\/\/x.com\/corearastirma\",\"https:\/\/www.instagram.com\/corearastirma\",\"https:\/\/www.linkedin.com\/company\/corearastirma\/\"]}]}<\/script>\n<!-- \/ Yoast SEO plugin. -->","yoast_head_json":{"title":"Gizlilik Politikam\u0131z - CORE Ara\u015ft\u0131rma Enstit&uuml;s&uuml;","robots":{"index":"index","follow":"follow","max-snippet":"max-snippet:-1","max-image-preview":"max-image-preview:large","max-video-preview":"max-video-preview:-1"},"canonical":"https:\/\/core.org.tr\/?page_id=3","og_locale":"tr_TR","og_type":"article","og_title":"Gizlilik Politikam\u0131z - CORE Ara\u015ft\u0131rma Enstit&uuml;s&uuml;","og_description":"K\u0130\u015e\u0130SEL VER\u0130LER\u0130N KORUNMASI VE \u0130\u015eLENMES\u0130 HAKKINDA\u00a0 GENEL AYDINLATMA METN\u0130 Kolektif Ara\u015ft\u0131rmalar Derne\u011fi (\u201cCORE\u201d\u00a0veya \u201cdernek\u201d)\u00a0olarak ki\u015fisel verilerinizin g\u00fcvenli\u011fi hususuna azami hassasiyet g\u00f6stermekteyiz. Bu do\u011frultuda, derne\u011fin etkile\u015fim i\u00e7erisine oldu\u011fu ger\u00e7ek ki\u015filere ait ki\u015fisel verilerin 6698 say\u0131l\u0131 Ki\u015fisel Verilerin Korunmas\u0131 Kanunu (\u201cKanun\u201d)\u2019na, Kanun\u2019a ba\u011fl\u0131 y\u00fcr\u00fcrl\u00fc\u011fe koyulan ve koyulacak ikincil d\u00fczenlemelere (y\u00f6netmelik, tebli\u011f, genelge) ve ba\u011flay\u0131c\u0131 nitelikteki Ki\u015fisel Verileri&hellip;","og_url":"https:\/\/core.org.tr\/?page_id=3","og_site_name":"CORE Ara\u015ft\u0131rma Enstit&uuml;s&uuml;","article_publisher":"https:\/\/www.facebook.com\/corearastirma","article_modified_time":"2023-12-01T15:17:46+00:00","twitter_card":"summary_large_image","twitter_site":"@corearastirma","twitter_misc":{"Tahmini okuma s\u00fcresi":"5 dakika"},"schema":{"@context":"https:\/\/schema.org","@graph":[{"@type":"WebPage","@id":"https:\/\/core.org.tr\/?page_id=3","url":"https:\/\/core.org.tr\/?page_id=3","name":"Gizlilik Politikam\u0131z - CORE Ara\u015ft\u0131rma Enstit&uuml;s&uuml;","isPartOf":{"@id":"https:\/\/core.org.tr\/#website"},"datePublished":"2023-12-01T08:39:03+00:00","dateModified":"2023-12-01T15:17:46+00:00","breadcrumb":{"@id":"https:\/\/core.org.tr\/?page_id=3#breadcrumb"},"inLanguage":"tr","potentialAction":[{"@type":"ReadAction","target":["https:\/\/core.org.tr\/?page_id=3"]}]},{"@type":"BreadcrumbList","@id":"https:\/\/core.org.tr\/?page_id=3#breadcrumb","itemListElement":[{"@type":"ListItem","position":1,"name":"Anasayfa","item":"https:\/\/core.org.tr\/"},{"@type":"ListItem","position":2,"name":"Gizlilik Politikam\u0131z"}]},{"@type":"WebSite","@id":"https:\/\/core.org.tr\/#website","url":"https:\/\/core.org.tr\/","name":"CORE Ara\u015ft\u0131rma Enstit&uuml;s&uuml;","description":"Collective - Cooperative - Collaborative - Correlative - Comparative","publisher":{"@id":"https:\/\/core.org.tr\/#organization"},"potentialAction":[{"@type":"SearchAction","target":{"@type":"EntryPoint","urlTemplate":"https:\/\/core.org.tr\/?s={search_term_string}"},"query-input":{"@type":"PropertyValueSpecification","valueRequired":true,"valueName":"search_term_string"}}],"inLanguage":"tr"},{"@type":"Organization","@id":"https:\/\/core.org.tr\/#organization","name":"CORE Ara\u015ft\u0131rma Enstit&uuml;s&uuml;","url":"https:\/\/core.org.tr\/","logo":{"@type":"ImageObject","inLanguage":"tr","@id":"https:\/\/core.org.tr\/#\/schema\/logo\/image\/","url":"https:\/\/core.org.tr\/wp-content\/uploads\/2023\/12\/CORE-Logo-Yatay-Ana.png","contentUrl":"https:\/\/core.org.tr\/wp-content\/uploads\/2023\/12\/CORE-Logo-Yatay-Ana.png","width":2928,"height":2044,"caption":"CORE Ara\u015ft\u0131rma Enstit&uuml;s&uuml;"},"image":{"@id":"https:\/\/core.org.tr\/#\/schema\/logo\/image\/"},"sameAs":["https:\/\/www.facebook.com\/corearastirma","https:\/\/x.com\/corearastirma","https:\/\/www.instagram.com\/corearastirma","https:\/\/www.linkedin.com\/company\/corearastirma\/"]}]}},"jetpack_sharing_enabled":true,"_links":{"self":[{"href":"https:\/\/core.org.tr\/index.php?rest_route=\/wp\/v2\/pages\/3","targetHints":{"allow":["GET"]}}],"collection":[{"href":"https:\/\/core.org.tr\/index.php?rest_route=\/wp\/v2\/pages"}],"about":[{"href":"https:\/\/core.org.tr\/index.php?rest_route=\/wp\/v2\/types\/page"}],"author":[{"embeddable":true,"href":"https:\/\/core.org.tr\/index.php?rest_route=\/wp\/v2\/users\/1"}],"replies":[{"embeddable":true,"href":"https:\/\/core.org.tr\/index.php?rest_route=%2Fwp%2Fv2%2Fcomments&post=3"}],"version-history":[{"count":10,"href":"https:\/\/core.org.tr\/index.php?rest_route=\/wp\/v2\/pages\/3\/revisions"}],"predecessor-version":[{"id":87666,"href":"https:\/\/core.org.tr\/index.php?rest_route=\/wp\/v2\/pages\/3\/revisions\/87666"}],"wp:attachment":[{"href":"https:\/\/core.org.tr\/index.php?rest_route=%2Fwp%2Fv2%2Fmedia&parent=3"}],"curies":[{"name":"wp","href":"https:\/\/api.w.org\/{rel}","templated":true}]}}